{"id":1028,"date":"2021-06-07T15:43:31","date_gmt":"2021-06-07T15:43:31","guid":{"rendered":"https:\/\/mastertechpanama.com\/?page_id=1028"},"modified":"2021-06-07T18:00:04","modified_gmt":"2021-06-07T18:00:04","slug":"politica-de-privacidad","status":"publish","type":"page","link":"https:\/\/mastertechpanama.com\/en\/politica-de-privacidad\/","title":{"rendered":"Pol\u00edtica de Privacidad"},"content":{"rendered":"<div data-elementor-type=\"wp-page\" data-elementor-id=\"1028\" class=\"elementor elementor-1028\">\n\t\t\t\t\t\t<section class=\"elementor-section elementor-top-section elementor-element elementor-element-14d471f elementor-hidden-tablet elementor-hidden-phone elementor-section-boxed elementor-section-height-default elementor-section-height-default\" data-id=\"14d471f\" data-element_type=\"section\" data-settings=\"{&quot;background_background&quot;:&quot;classic&quot;}\">\n\t\t\t\t\t\t\t<div class=\"elementor-background-overlay\"><\/div>\n\t\t\t\t\t\t\t<div class=\"elementor-container elementor-column-gap-wider\">\n\t\t\t\t\t<div class=\"elementor-column elementor-col-50 elementor-top-column elementor-element elementor-element-bbebd75\" data-id=\"bbebd75\" data-element_type=\"column\">\n\t\t\t<div class=\"elementor-widget-wrap elementor-element-populated\">\n\t\t\t\t\r\n\t\t<div class=\"elementor-element elementor-element-cea3d2c elementor-widget elementor-widget-heading\" data-id=\"cea3d2c\" data-element_type=\"widget\" data-widget_type=\"heading.default\">\n\t\t\t\t<div class=\"elementor-widget-container\">\n\t\t\t\t\t<h1 class=\"elementor-heading-title elementor-size-default\">Pol\u00edtica<br>de Privacidad<\/h1>\t\t\t\t<\/div>\n\t\t\t\t<\/div>\n\t\t\t\t\t<\/div>\n\t\t<\/div>\n\t\t\t\t<div class=\"elementor-column elementor-col-50 elementor-top-column elementor-element elementor-element-6ac8fad\" data-id=\"6ac8fad\" data-element_type=\"column\">\n\t\t\t<div class=\"elementor-widget-wrap\">\n\t\t\t\t\t\t\t<\/div>\n\t\t<\/div>\n\t\t\t\t\t<\/div>\n\t\t<\/section>\n\t\t\t\t<section class=\"elementor-section elementor-top-section elementor-element elementor-element-acb4266 elementor-hidden-desktop elementor-section-boxed elementor-section-height-default elementor-section-height-default\" data-id=\"acb4266\" data-element_type=\"section\" data-settings=\"{&quot;background_background&quot;:&quot;classic&quot;}\">\n\t\t\t\t\t\t\t<div class=\"elementor-background-overlay\"><\/div>\n\t\t\t\t\t\t\t<div class=\"elementor-container elementor-column-gap-default\">\n\t\t\t\t\t<div class=\"elementor-column elementor-col-100 elementor-top-column elementor-element elementor-element-a22fc49\" data-id=\"a22fc49\" data-element_type=\"column\">\n\t\t\t<div class=\"elementor-widget-wrap elementor-element-populated\">\n\t\t\t\t\t\t<div class=\"elementor-element elementor-element-a0f2c75 elementor-widget elementor-widget-spacer\" data-id=\"a0f2c75\" data-element_type=\"widget\" data-widget_type=\"spacer.default\">\n\t\t\t\t<div class=\"elementor-widget-container\">\n\t\t\t\t\t\t\t<div class=\"elementor-spacer\">\n\t\t\t<div class=\"elementor-spacer-inner\"><\/div>\n\t\t<\/div>\n\t\t\t\t\t\t<\/div>\n\t\t\t\t<\/div>\n\t\t\t\t<div class=\"elementor-element elementor-element-c401504 elementor-widget elementor-widget-heading\" data-id=\"c401504\" data-element_type=\"widget\" data-widget_type=\"heading.default\">\n\t\t\t\t<div class=\"elementor-widget-container\">\n\t\t\t\t\t<h2 class=\"elementor-heading-title elementor-size-default\">Pol\u00edtica de Privacidad<\/h2>\t\t\t\t<\/div>\n\t\t\t\t<\/div>\n\t\t\t\t\t<\/div>\n\t\t<\/div>\n\t\t\t\t\t<\/div>\n\t\t<\/section>\n\t\t\t\t<section class=\"elementor-section elementor-top-section elementor-element elementor-element-8e96b5c elementor-section-boxed elementor-section-height-default elementor-section-height-default\" data-id=\"8e96b5c\" data-element_type=\"section\">\n\t\t\t\t\t\t<div class=\"elementor-container elementor-column-gap-default\">\n\t\t\t\t\t<div class=\"elementor-column elementor-col-100 elementor-top-column elementor-element elementor-element-f924543\" data-id=\"f924543\" data-element_type=\"column\">\n\t\t\t<div class=\"elementor-widget-wrap elementor-element-populated\">\n\t\t\t\t\t\t<div class=\"elementor-element elementor-element-e8354d3 elementor-widget elementor-widget-spacer\" data-id=\"e8354d3\" data-element_type=\"widget\" data-widget_type=\"spacer.default\">\n\t\t\t\t<div class=\"elementor-widget-container\">\n\t\t\t\t\t\t\t<div class=\"elementor-spacer\">\n\t\t\t<div class=\"elementor-spacer-inner\"><\/div>\n\t\t<\/div>\n\t\t\t\t\t\t<\/div>\n\t\t\t\t<\/div>\n\t\t\t\t\t<\/div>\n\t\t<\/div>\n\t\t\t\t\t<\/div>\n\t\t<\/section>\n\t\t\t\t<section class=\"elementor-section elementor-top-section elementor-element elementor-element-fff0616 elementor-section-boxed elementor-section-height-default elementor-section-height-default\" data-id=\"fff0616\" data-element_type=\"section\">\n\t\t\t\t\t\t<div class=\"elementor-container elementor-column-gap-default\">\n\t\t\t\t\t<div class=\"elementor-column elementor-col-100 elementor-top-column elementor-element elementor-element-1381fd3\" data-id=\"1381fd3\" data-element_type=\"column\">\n\t\t\t<div class=\"elementor-widget-wrap elementor-element-populated\">\n\t\t\t\t\t\t<div class=\"elementor-element elementor-element-67bea79 elementor-widget elementor-widget-heading\" data-id=\"67bea79\" data-element_type=\"widget\" data-widget_type=\"heading.default\">\n\t\t\t\t<div class=\"elementor-widget-container\">\n\t\t\t\t\t<h4 class=\"elementor-heading-title elementor-size-default\">1. Introducci\u00f3n<\/h4>\t\t\t\t<\/div>\n\t\t\t\t<\/div>\n\t\t\t\t<div class=\"elementor-element elementor-element-247ba2a3 elementor-widget elementor-widget-text-editor\" data-id=\"247ba2a3\" data-element_type=\"widget\" data-widget_type=\"text-editor.default\">\n\t\t\t\t<div class=\"elementor-widget-container\">\n\t\t\t\t\t\t\t\t\t<p class=\"p1\">Master Tech Corporation aprecia su negocio y su confianza. Somos una empresa con sede en Panam\u00e1, brindando servicios al sector industrial. Lea esta Pol\u00edtica de privacidad, dando su consentimiento a ambos documentos con el fin de tener permiso para utilizar nuestros servicios.<\/p>\t\t\t\t\t\t\t\t<\/div>\n\t\t\t\t<\/div>\n\t\t\t\t<div class=\"elementor-element elementor-element-c6a4bc2 elementor-widget elementor-widget-heading\" data-id=\"c6a4bc2\" data-element_type=\"widget\" data-widget_type=\"heading.default\">\n\t\t\t\t<div class=\"elementor-widget-container\">\n\t\t\t\t\t<h4 class=\"elementor-heading-title elementor-size-default\">2. Datos Recopilados<\/h4>\t\t\t\t<\/div>\n\t\t\t\t<\/div>\n\t\t\t\t<div class=\"elementor-element elementor-element-26b86ba5 elementor-widget elementor-widget-text-editor\" data-id=\"26b86ba5\" data-element_type=\"widget\" data-widget_type=\"text-editor.default\">\n\t\t\t\t<div class=\"elementor-widget-container\">\n\t\t\t\t\t\t\t\t\t<ul class=\"ul1\"><li class=\"li1\"><p>Comentarios<\/p><p>Cuando deja comentarios en el sitio web, recopilamos los datos que se muestran en el formulario de comentarios y la direcci\u00f3n IP y la cadena del agente de usuario del navegador para ayudar a la detecci\u00f3n de spam.<\/p><p>Formulario de contacto<\/p><p>La informaci\u00f3n enviada a trav\u00e9s del formulario de contacto en nuestro sitio se env\u00eda al correo electr\u00f3nico de nuestra empresa, alojado en One.com. One.com se adhiere a la pol\u00edtica de &#8220;Escudo de privacidad&#8221; de la UE \/ EE. UU. Y puede encontrar m\u00e1s informaci\u00f3n al respecto aqu\u00ed: Pol\u00edtica de privacidad de One.com<\/p><p>Estos env\u00edos solo se guardan para fines de servicio al cliente, nunca se utilizan con fines de marketing ni se comparten con terceros.<\/p><p>Google analitico<\/p><p>Usamos Google Analytics en nuestro sitio para informes an\u00f3nimos del uso del sitio. Por lo tanto, no se almacenan datos personalizados. Si desea excluirse de Google Analytics que supervisa su comportamiento en nuestro sitio web, utilice este enlace: Exclusi\u00f3n de Google Analytics.<\/p><p>Casos de uso de datos personales<\/p><p>Usamos su informaci\u00f3n personal en los siguientes casos:<\/p><p>ENVIANDO ACTUALIZACIONES A NUESTROS USUARIOS CON INFORMACI\u00d3N IMPORTANTE PARA INFORMAR SOBRE NOTICIAS \/ CAMBIOS;<br \/>VERIFICACI\u00d3N DE LA ACTIVIDAD DE LAS CUENTAS PARA PREVENIR TRANSACCIONES FRAUDULENTAS Y GARANTIZAR LA SEGURIDAD<br \/>SOBRE LA INFORMACI\u00d3N PERSONAL DE NUESTROS CLIENTES;<br \/>GARANTIZAR EL RENDIMIENTO GLOBAL Y LAS FUNCIONES ADMINISTRATIVAS SE FUNCIONAN F\u00c1CILMENTE<\/p><\/li><\/ul>\t\t\t\t\t\t\t\t<\/div>\n\t\t\t\t<\/div>\n\t\t\t\t<div class=\"elementor-element elementor-element-5d8b47e7 elementor-widget elementor-widget-heading\" data-id=\"5d8b47e7\" data-element_type=\"widget\" data-widget_type=\"heading.default\">\n\t\t\t\t<div class=\"elementor-widget-container\">\n\t\t\t\t\t<h4 class=\"elementor-heading-title elementor-size-default\">3. Contenido Embedded<\/h4>\t\t\t\t<\/div>\n\t\t\t\t<\/div>\n\t\t\t\t<div class=\"elementor-element elementor-element-58852a2 elementor-widget elementor-widget-text-editor\" data-id=\"58852a2\" data-element_type=\"widget\" data-widget_type=\"text-editor.default\">\n\t\t\t\t<div class=\"elementor-widget-container\">\n\t\t\t\t\t\t\t\t\t<p>Las p\u00e1ginas de este sitio pueden incluir contenido incrustado, como videos de YouTube, por ejemplo. El contenido incrustado de otros sitios web se comporta exactamente de la misma manera que si visitara el otro sitio web. Estos sitios web pueden recopilar datos sobre usted, usar cookies, incrustar un seguimiento adicional de terceros y monitorear su interacci\u00f3n con ese contenido incrustado, incluido el seguimiento de su interacci\u00f3n con el contenido incrustado si tiene una cuenta y ha iniciado sesi\u00f3n en ese sitio web. A continuaci\u00f3n puede encontrar una lista de los servicios que utilizamos:<\/p><p>Facebook<\/p><p>El complemento de la p\u00e1gina de Facebook se utiliza para mostrar nuestra l\u00ednea de tiempo de Facebook en nuestro sitio. Facebook tiene sus propias pol\u00edticas de privacidad y cookies sobre las cuales no tenemos control. No hay instalaci\u00f3n de cookies de Facebook y su IP no se env\u00eda a un servidor de Facebook hasta que usted lo autorice. Consulte su pol\u00edtica de privacidad aqu\u00ed: Pol\u00edtica de privacidad de Facebook.<\/p><p>Gorjeo<\/p><p>Usamos la API de Twitter para mostrar la l\u00ednea de tiempo de nuestros tweets en nuestro sitio. Twitter tiene sus propias pol\u00edticas de privacidad y cookies sobre las cuales no tenemos control. Su IP no se env\u00eda a un servidor de Twitter hasta que lo autorice. Consulte su pol\u00edtica de privacidad aqu\u00ed: Pol\u00edtica de privacidad de Twitter.<\/p><p>YouTube<\/p><p>Usamos videos de YouTube incrustados en nuestro sitio. YouTube tiene sus propias pol\u00edticas de privacidad y cookies sobre las cuales no tenemos control. No hay instalaci\u00f3n de cookies de YouTube y su IP no se env\u00eda a un servidor de YouTube hasta que usted lo autorice. Consulte su pol\u00edtica de privacidad aqu\u00ed: Pol\u00edtica de privacidad de YouTube.<\/p>\t\t\t\t\t\t\t\t<\/div>\n\t\t\t\t<\/div>\n\t\t\t\t<div class=\"elementor-element elementor-element-6fd8bad elementor-widget elementor-widget-heading\" data-id=\"6fd8bad\" data-element_type=\"widget\" data-widget_type=\"heading.default\">\n\t\t\t\t<div class=\"elementor-widget-container\">\n\t\t\t\t\t<h4 class=\"elementor-heading-title elementor-size-default\">4. Cookies<\/h4>\t\t\t\t<\/div>\n\t\t\t\t<\/div>\n\t\t\t\t<div class=\"elementor-element elementor-element-f94bc29 elementor-widget elementor-widget-text-editor\" data-id=\"f94bc29\" data-element_type=\"widget\" data-widget_type=\"text-editor.default\">\n\t\t\t\t<div class=\"elementor-widget-container\">\n\t\t\t\t\t\t\t\t\t<p>Este sitio utiliza cookies, peque\u00f1os archivos de texto que se colocan en su m\u00e1quina para ayudar al sitio a brindar una mejor experiencia de usuario. En general, las cookies se utilizan para conservar las preferencias del usuario, almacenar informaci\u00f3n para cosas como carritos de compras y proporcionar datos de seguimiento an\u00f3nimos a aplicaciones de terceros como Google Analytics. Las cookies generalmente existen para mejorar su experiencia de navegaci\u00f3n. Sin embargo, es posible que prefiera deshabilitar las cookies en este sitio y en otros. La forma m\u00e1s eficaz de hacerlo es deshabilitar las cookies en su navegador. Sugerimos consultar la secci\u00f3n de Ayuda de su navegador.<\/p><p>Cookies necesarias (todos los visitantes del sitio)<\/p><p>CFDUID: SE UTILIZA PARA NUESTRA CDN CLOUDFLARE PARA IDENTIFICAR CLIENTES INDIVIDUALES DETR\u00c1S DE UNA DIRECCI\u00d3N IP COMPARTIDA Y APLICAR CONFIGURACIONES DE SEGURIDAD POR CLIENTE. VER M\u00c1S INFORMACI\u00d3N SOBRE PRIVACIDAD AQU\u00cd: POL\u00cdTICA DE PRIVACIDAD DE CLOUDFLARE.<br \/>PHPSESSID: PARA IDENTIFICAR TU \u00daNICA SESI\u00d3N EN EL SITIO WEB.<\/p><p>Cookies necesarias (adicionales para clientes registrados)<\/p><p>WP-AUTH: UTILIZADO POR WORDPRESS PARA AUTENTICAR A LOS VISITANTES INICIADOS, AUTENTICACI\u00d3N CON CONTRASE\u00d1A Y VERIFICACI\u00d3N DEL USUARIO.<br \/>WORDPRESS_LOGGED_IN_ {HASH}: UTILIZADO POR WORDPRESS PARA AUTENTIFICAR A LOS VISITANTES INICIADOS, LA AUTENTICACI\u00d3N DE LA CONTRASE\u00d1A Y LA VERIFICACI\u00d3N DEL USUARIO.<br \/>WORDPRESS_TEST_COOKIE UTILIZADO POR WORDPRESS PARA ASEGURARSE DE QUE LAS COOKIES FUNCIONEN CORRECTAMENTE.<br \/>WP-SETTINGS- [UID]: WORDPRESS ESTABLECE UNOS POCOS WP-SETTINGS- [UID] COOKIES. EL N\u00daMERO AL FINAL ES SU ID DE USUARIO INDIVIDUAL DE LA TABLA DE BASE DE DATOS DE USUARIOS. ESTO SE UTILIZA PARA PERSONALIZAR SU VISTA DE LA INTERFAZ ADMINISTRATIVA Y POSIBLEMENTE TAMBI\u00c9N LA INTERFAZ DEL SITIO PRINCIPAL.<br \/>WP-SETTINGS- [UID]: WORDPRESS TAMBI\u00c9N ESTABLECE UNOS POCOS WP-SETTINGS- {TIME} &#8211; [UID] COOKIES. EL N\u00daMERO AL FINAL ES SU ID DE USUARIO INDIVIDUAL DE LA TABLA DE BASE DE DATOS DE USUARIOS. ESTO SE UTILIZA PARA PERSONALIZAR SU VISTA DE LA INTERFAZ ADMINISTRATIVA Y POSIBLEMENTE TAMBI\u00c9N LA INTERFAZ DEL SITIO PRINCIPAL.<\/p><p>Facebook<\/p><p>El complemento de la p\u00e1gina de Facebook se utiliza para mostrar nuestra l\u00ednea de tiempo de Facebook en nuestro sitio. Facebook tiene sus propias pol\u00edticas de privacidad y cookies sobre las cuales no tenemos control. No hay instalaci\u00f3n de cookies de Facebook y su IP no se env\u00eda a un servidor de Facebook hasta que usted lo autorice. Consulte su pol\u00edtica de privacidad aqu\u00ed: Pol\u00edtica de privacidad de Facebook.<\/p><p>Gorjeo<\/p><p>Usamos la API de Twitter para mostrar la l\u00ednea de tiempo de nuestros tweets en nuestro sitio. Twitter tiene sus propias pol\u00edticas de privacidad y cookies sobre las cuales no tenemos control. Su IP no se env\u00eda a un servidor de Twitter hasta que lo autorice. Consulte su pol\u00edtica de privacidad aqu\u00ed: Pol\u00edtica de privacidad de Twitter.<\/p><p>YouTube<\/p><p>Usamos videos de YouTube incrustados en nuestro sitio. YouTube tiene sus propias pol\u00edticas de privacidad y cookies sobre las cuales no tenemos control. No hay instalaci\u00f3n de cookies de YouTube y su IP no se env\u00eda a un servidor de YouTube hasta que usted lo autorice. Consulte su pol\u00edtica de privacidad aqu\u00ed: Pol\u00edtica de privacidad de YouTube.<\/p>\t\t\t\t\t\t\t\t<\/div>\n\t\t\t\t<\/div>\n\t\t\t\t<div class=\"elementor-element elementor-element-16a09ae elementor-widget elementor-widget-heading\" data-id=\"16a09ae\" data-element_type=\"widget\" data-widget_type=\"heading.default\">\n\t\t\t\t<div class=\"elementor-widget-container\">\n\t\t\t\t\t<h4 class=\"elementor-heading-title elementor-size-default\">5. Qui\u00e9n Tiene Acceso a sus Datos<\/h4>\t\t\t\t<\/div>\n\t\t\t\t<\/div>\n\t\t\t\t<div class=\"elementor-element elementor-element-1818482 elementor-widget elementor-widget-text-editor\" data-id=\"1818482\" data-element_type=\"widget\" data-widget_type=\"text-editor.default\">\n\t\t\t\t<div class=\"elementor-widget-container\">\n\t\t\t\t\t\t\t\t\t<p>Si no es un cliente registrado en nuestro sitio, no hay informaci\u00f3n personal que podamos retener o ver sobre usted. Si es un cliente con una cuenta registrada, se puede acceder a su informaci\u00f3n personal mediante:<\/p><ul><li>NUESTROS ADMINISTRADORES DE SISTEMAS.<\/li><li>NUESTROS RESPONSABLES CUANDO ELLOS (PARA PROPORCIONAR APOYO) NECESITAN OBTENER INFORMACI\u00d3N SOBRE LAS CUENTAS DEL CLIENTE Y EL ACCESO.<\/li><\/ul>\t\t\t\t\t\t\t\t<\/div>\n\t\t\t\t<\/div>\n\t\t\t\t<div class=\"elementor-element elementor-element-960c5f9 elementor-widget elementor-widget-heading\" data-id=\"960c5f9\" data-element_type=\"widget\" data-widget_type=\"heading.default\">\n\t\t\t\t<div class=\"elementor-widget-container\">\n\t\t\t\t\t<h4 class=\"elementor-heading-title elementor-size-default\">6. Cu\u00e1nto Tiempo Conservamos sus Datos<\/h4>\t\t\t\t<\/div>\n\t\t\t\t<\/div>\n\t\t\t\t<div class=\"elementor-element elementor-element-5b9c303 elementor-widget elementor-widget-text-editor\" data-id=\"5b9c303\" data-element_type=\"widget\" data-widget_type=\"text-editor.default\">\n\t\t\t\t<div class=\"elementor-widget-container\">\n\t\t\t\t\t\t\t\t\t<p class=\"p1\">Cuando env\u00edas un comentario, sus metadatos se conservan hasta (si) nos indicas que lo eliminemos. Usamos estos datos para poder reconocerlo y aprobar sus comentarios autom\u00e1ticamente en lugar de retenerlos para moderaci\u00f3n.<\/p>\t\t\t\t\t\t\t\t<\/div>\n\t\t\t\t<\/div>\n\t\t\t\t<div class=\"elementor-element elementor-element-dfad05e elementor-widget elementor-widget-heading\" data-id=\"dfad05e\" data-element_type=\"widget\" data-widget_type=\"heading.default\">\n\t\t\t\t<div class=\"elementor-widget-container\">\n\t\t\t\t\t<h4 class=\"elementor-heading-title elementor-size-default\">7. Medidas de Seguridad<\/h4>\t\t\t\t<\/div>\n\t\t\t\t<\/div>\n\t\t\t\t<div class=\"elementor-element elementor-element-7bf4bff elementor-widget elementor-widget-text-editor\" data-id=\"7bf4bff\" data-element_type=\"widget\" data-widget_type=\"text-editor.default\">\n\t\t\t\t<div class=\"elementor-widget-container\">\n\t\t\t\t\t\t\t\t\t<p class=\"p1\">Usamos el protocolo SSL \/ HTTPS en todo nuestro sitio. Esto encripta nuestras comunicaciones de usuario con los servidores para que la informaci\u00f3n de identificaci\u00f3n personal no sea capturada \/ secuestrada por terceros sin autorizaci\u00f3n. En caso de una filtraci\u00f3n de datos, los administradores del sistema tomar\u00e1n inmediatamente todos los pasos necesarios para garantizar la integridad del sistema, se pondr\u00e1n en contacto con los usuarios afectados e intentar\u00e1n restablecer las contrase\u00f1as si es necesario.<\/p>\t\t\t\t\t\t\t\t<\/div>\n\t\t\t\t<\/div>\n\t\t\t\t<div class=\"elementor-element elementor-element-88cdca1 elementor-widget elementor-widget-heading\" data-id=\"88cdca1\" data-element_type=\"widget\" data-widget_type=\"heading.default\">\n\t\t\t\t<div class=\"elementor-widget-container\">\n\t\t\t\t\t<h4 class=\"elementor-heading-title elementor-size-default\">8. Derechos Sobre sus Datos<\/h4>\t\t\t\t<\/div>\n\t\t\t\t<\/div>\n\t\t\t\t<div class=\"elementor-element elementor-element-02c3934 elementor-widget elementor-widget-text-editor\" data-id=\"02c3934\" data-element_type=\"widget\" data-widget_type=\"text-editor.default\">\n\t\t\t\t<div class=\"elementor-widget-container\">\n\t\t\t\t\t\t\t\t\t<p><strong>Derechos Generales<\/strong><\/p><p>Si tiene una cuenta registrada en este sitio web o ha dejado comentarios, puede solicitar un archivo exportado de los datos personales que conservamos, incluidos los datos adicionales que nos haya proporcionado. Tambi\u00e9n puede solicitar que borremos cualquiera de los datos personales que hayamos almacenado. Esto no incluye ning\u00fan dato que estemos obligados a conservar con fines administrativos, legales o de seguridad. En resumen, no podemos borrar datos que son vitales para que usted sea un cliente activo (es decir, informaci\u00f3n b\u00e1sica de la cuenta como una direcci\u00f3n de correo electr\u00f3nico). Si desea que se borren todos sus datos, ya no podremos ofrecerle ning\u00fan soporte u otros servicios relacionados con el producto.<\/p><p>Derechos GDPR<\/p><p>Su privacidad es de vital importancia para nosotros. De cara al futuro con el RGPD, nuestro objetivo es respaldar el est\u00e1ndar RGPD. Master Tech Corporation permite a los residentes de la Uni\u00f3n Europea utilizar su Servicio. Por lo tanto, Master Tech Corporation tiene la intenci\u00f3n de cumplir con el Reglamento general europeo de protecci\u00f3n de datos. Para obtener m\u00e1s detalles, consulte aqu\u00ed: Portal de informaci\u00f3n del RGPD de la UE.<\/p>\t\t\t\t\t\t\t\t<\/div>\n\t\t\t\t<\/div>\n\t\t\t\t<div class=\"elementor-element elementor-element-e9bcfbe elementor-widget elementor-widget-heading\" data-id=\"e9bcfbe\" data-element_type=\"widget\" data-widget_type=\"heading.default\">\n\t\t\t\t<div class=\"elementor-widget-container\">\n\t\t\t\t\t<h4 class=\"elementor-heading-title elementor-size-default\">9. Sitios Web de Terceros<\/h4>\t\t\t\t<\/div>\n\t\t\t\t<\/div>\n\t\t\t\t<div class=\"elementor-element elementor-element-5368597 elementor-widget elementor-widget-text-editor\" data-id=\"5368597\" data-element_type=\"widget\" data-widget_type=\"text-editor.default\">\n\t\t\t\t<div class=\"elementor-widget-container\">\n\t\t\t\t\t\t\t\t\t<p>Master Tech Corporation puede publicar enlaces a sitios web de terceros en este sitio web. Estos sitios web de terceros no est\u00e1n controlados por el cumplimiento de la privacidad o la seguridad por parte de Master Tech Corporation, y usted nos libera de cualquier responsabilidad por la conducta de estos sitios web de terceros.<br \/>Todos los enlaces para compartir en las redes sociales, ya sea que se muestren como enlaces de texto o iconos de redes sociales, no lo conectan con ninguno de los terceros asociados a menos que haga clic expl\u00edcitamente en ellos.<\/p><p>Tenga en cuenta que esta Pol\u00edtica de privacidad y cualquier otra pol\u00edtica en vigor, adem\u00e1s de cualquier enmienda, no crea derechos exigibles por terceros ni requiere la divulgaci\u00f3n de informaci\u00f3n personal relacionada con los miembros del Servicio o Sitio. Master Tech Corporation no asume ninguna responsabilidad por la informaci\u00f3n recopilada o utilizada por cualquier anunciante o sitio web de terceros. Revise la pol\u00edtica de privacidad y los t\u00e9rminos de servicio de cada sitio que visite a trav\u00e9s de enlaces de terceros.<\/p>\t\t\t\t\t\t\t\t<\/div>\n\t\t\t\t<\/div>\n\t\t\t\t<div class=\"elementor-element elementor-element-2c2063a elementor-widget elementor-widget-heading\" data-id=\"2c2063a\" data-element_type=\"widget\" data-widget_type=\"heading.default\">\n\t\t\t\t<div class=\"elementor-widget-container\">\n\t\t\t\t\t<h4 class=\"elementor-heading-title elementor-size-default\">10. Divulgaci\u00f3n de sus datos con fines legales<\/h4>\t\t\t\t<\/div>\n\t\t\t\t<\/div>\n\t\t\t\t<div class=\"elementor-element elementor-element-33b7ed4 elementor-widget elementor-widget-text-editor\" data-id=\"33b7ed4\" data-element_type=\"widget\" data-widget_type=\"text-editor.default\">\n\t\t\t\t<div class=\"elementor-widget-container\">\n\t\t\t\t\t\t\t\t\t<p>En ocasiones, puede ser necesario o deseable que Master Tech Corporation, para fines legales, divulgue su informaci\u00f3n en respuesta a una solicitud de una agencia gubernamental o un litigante privado. Usted acepta que podemos divulgar su informaci\u00f3n a un tercero cuando creamos, de buena fe, que es conveniente hacerlo a los efectos de una acci\u00f3n civil, una investigaci\u00f3n penal u otro asunto legal. En el caso de que recibamos una citaci\u00f3n que afecte su privacidad, podemos optar por notificarle para darle la oportunidad de presentar una moci\u00f3n para anular la citaci\u00f3n, o podemos intentar anularla nosotros mismos, pero no estamos obligados a hacerlo. Tambi\u00e9n podemos informarle proactivamente y divulgar su informaci\u00f3n a terceros cuando creemos que es prudente hacerlo por razones legales, como nuestra creencia de que ha participado en actividades fraudulentas. Usted nos libera de cualquier da\u00f1o que pueda surgir o estar relacionado con la divulgaci\u00f3n de su informaci\u00f3n a una solicitud de las agencias de aplicaci\u00f3n de la ley o litigantes privados.<\/p><p>Cualquier transmisi\u00f3n de datos personales con fines legales solo se realizar\u00e1 de conformidad con las leyes del pa\u00eds en el que resida.<\/p>\t\t\t\t\t\t\t\t<\/div>\n\t\t\t\t<\/div>\n\t\t\t\t\t<\/div>\n\t\t<\/div>\n\t\t\t\t\t<\/div>\n\t\t<\/section>\n\t\t\t\t<\/div>","protected":false},"excerpt":{"rendered":"<p>Pol\u00edticade Privacidad Pol\u00edtica de Privacidad 1. Introducci\u00f3n Master Tech Corporation aprecia su negocio y su confianza. Somos una empresa con sede en Panam\u00e1, brindando servicios al sector industrial. Lea esta Pol\u00edtica de privacidad, dando su consentimiento a ambos documentos con el fin de tener permiso para utilizar nuestros servicios. 2. Datos Recopilados Comentarios Cuando deja <a href=\"https:\/\/mastertechpanama.com\/en\/politica-de-privacidad\/\" class=\"more-link\">&#8230;<span class=\"screen-reader-text\">  Pol\u00edtica de Privacidad<\/span><\/a><\/p>","protected":false},"author":1,"featured_media":0,"parent":0,"menu_order":0,"comment_status":"closed","ping_status":"open","template":"elementor_canvas","meta":{"footnotes":""},"class_list":["post-1028","page","type-page","status-publish","hentry"],"_links":{"self":[{"href":"https:\/\/mastertechpanama.com\/en\/wp-json\/wp\/v2\/pages\/1028","targetHints":{"allow":["GET"]}}],"collection":[{"href":"https:\/\/mastertechpanama.com\/en\/wp-json\/wp\/v2\/pages"}],"about":[{"href":"https:\/\/mastertechpanama.com\/en\/wp-json\/wp\/v2\/types\/page"}],"author":[{"embeddable":true,"href":"https:\/\/mastertechpanama.com\/en\/wp-json\/wp\/v2\/users\/1"}],"replies":[{"embeddable":true,"href":"https:\/\/mastertechpanama.com\/en\/wp-json\/wp\/v2\/comments?post=1028"}],"version-history":[{"count":4,"href":"https:\/\/mastertechpanama.com\/en\/wp-json\/wp\/v2\/pages\/1028\/revisions"}],"predecessor-version":[{"id":1089,"href":"https:\/\/mastertechpanama.com\/en\/wp-json\/wp\/v2\/pages\/1028\/revisions\/1089"}],"wp:attachment":[{"href":"https:\/\/mastertechpanama.com\/en\/wp-json\/wp\/v2\/media?parent=1028"}],"curies":[{"name":"wp","href":"https:\/\/api.w.org\/{rel}","templated":true}]}}